{"id":21,"date":"2026-04-25T12:29:07","date_gmt":"2026-04-25T10:29:07","guid":{"rendered":"https:\/\/novelasdemanolo.com\/?page_id=21"},"modified":"2026-04-25T12:29:07","modified_gmt":"2026-04-25T10:29:07","slug":"sobre-mi","status":"publish","type":"page","link":"https:\/\/novelasdemanolo.com\/sobre-mi\/","title":{"rendered":"Sobre m\u00ed"},"content":{"rendered":"\n<p>Manuel Garc\u00eda Mart\u00ednez<\/p>\n\n\n\n<p>Nacido en Acantarilla (Murcia) en el 1955<\/p>\n\n\n\n<p>Hasta mi jubilaci\u00f3n, nunca tuve el tiempo ni la intenci\u00f3n de redactar ning\u00fan contenido que no estuviera<\/p>\n\n\n\n<p>relacionado con mi trabajo.<\/p>\n\n\n\n<p>Desde que alcanc\u00e9 la mayor\u00eda de edad, me convert\u00ed en un trabajador aut\u00f3nomo y he dedicado mi tiempo pr\u00e1cticamente en exclusiva a labores profesionales. Y siempre con celeridad para realmente no llegar a ning\u00fan sitio en especial, pero fue la vida que escog\u00ed.<\/p>\n\n\n\n<p>Contraje matrimonio a una edad temprana, pero de manera acertada con la pareja ideal, mi media naranja. Tuvimos tres adorables hijos.<\/p>\n\n\n\n<p>Mi vida laboral ces\u00f3 el d\u00eda de mi sesenta y seis cumplea\u00f1os. Aunque parar de hacer cosas nunca<\/p>\n\n\n\n<p>lo he hecho y seguramente seguir\u00e1 as\u00ed.<\/p>\n\n\n\n<p>Una vez que lleg\u00f3 este estado, fue cuando tuve la ocasi\u00f3n de escribir algo referente a mi familia. Primero, referente a mis padres en el a\u00f1o 2000 cuando celebraron sus bodas de oro, despu\u00e9s hice alguna reflexi\u00f3n sobre la amistad, despu\u00e9s hice otra sobre la jubilaci\u00f3n. M\u00e1s tarde con el fallecimiento de mi padre escrib\u00ed algo sobre \u00e9l (d\u00f3nde est\u00e1s que no te encuentro) y un a\u00f1o despu\u00e9s hice lo mismo cuando falleci\u00f3 mi madre.<\/p>\n\n\n\n<p>Todo esto no estaba destinado a ser publicado, sino a ser compartido \u00fanicamente con mi entorno familiar; sin embargo, surgi\u00f3 en m\u00ed un inter\u00e9s por la escritura. Me propuse como objetivo la redacci\u00f3n de una novela de ficci\u00f3n. Consideraba este como algo inaccesible, dado que para m\u00ed representaba una meta inalcanzable. Sin embargo, en el a\u00f1o 2022, surgi\u00f3 la magia incre\u00edble y publiqu\u00e9 mi primera novela titulada <strong>\u00abThe Russian Rom\u00bb<\/strong><\/p>\n\n\n\n<p>As\u00ed fue como me fui metiendo en este mundillo tan raro de la literatura y al acabar con el primero decid\u00ed que pod\u00eda continuar porque disfrut\u00e9 haci\u00e9ndolo y edit\u00e9 el segundo en el a\u00f1o 2023, <strong>\u201cLa doctora Isi\u201d<\/strong><\/p>\n\n\n\n<p>A partir de ah\u00ed segu\u00ed escribiendo, pero autoedit\u00e1ndome. Tanto el contenido, como la portada y la contraportada. Despu\u00e9s de tercero <strong>\u201cLa Mestiza\u201d<\/strong> pas\u00e9 de editar de tapa blanda al formato de tapa dura, d\u00e1ndole un aire m\u00e1s elegante.<\/p>\n\n\n\n<p>Todas las novelas que he escrito son fruto de mi imaginaci\u00f3n, son todas ficticias. Todas ellas, excepto la cuarta, titulada <strong>\u201cEsperanza y Coraje\u201d.<\/strong> Esta est\u00e1 desgraciadamente basada en una historia real y personal del autor, donde desarrolla la biograf\u00eda vivida por m\u00ed y mi familia sobre la terrible enfermedad de un hijo, que dur\u00f3 ocho meses y medio. Todas y cada una de las letras que contienen en sus p\u00e1ginas. Todo sucedi\u00f3 tal como yo lo cuento, tal cual lo viv\u00ed. Est\u00e1n escritas con tinta roja.<\/p>\n\n\n\n<p>Sin duda, a cualquier lector, aunque no conozca a los personajes reales de esta historia, le dar\u00e1 un pellizco grande en el est\u00f3mago.<\/p>\n\n\n\n<p>Si el lector interesado estuviera con el \u00e1nimo en baja forma, no ser\u00eda nada recomendable que lo leyera.<\/p>\n\n\n\n<p>Al d\u00eda de hoy (mayo 2026) son diez las novelas escritas y editadas por este inquieto autor.<\/p>\n","protected":false},"excerpt":{"rendered":"<p>Manuel Garc\u00eda Mart\u00ednez Nacido en Acantarilla (Murcia) en el 1955 Hasta mi jubilaci\u00f3n, nunca tuve el tiempo ni la intenci\u00f3n de redactar ning\u00fan contenido que no estuviera relacionado con mi trabajo. Desde que alcanc\u00e9 la mayor\u00eda de edad, me convert\u00ed en un trabajador aut\u00f3nomo y he dedicado mi tiempo pr\u00e1cticamente en exclusiva a labores profesionales. [&hellip;]<\/p>\n","protected":false},"author":1,"featured_media":0,"parent":0,"menu_order":0,"comment_status":"closed","ping_status":"closed","template":"","meta":{"footnotes":""},"class_list":["post-21","page","type-page","status-publish","hentry"],"_links":{"self":[{"href":"https:\/\/novelasdemanolo.com\/wp-json\/wp\/v2\/pages\/21","targetHints":{"allow":["GET"]}}],"collection":[{"href":"https:\/\/novelasdemanolo.com\/wp-json\/wp\/v2\/pages"}],"about":[{"href":"https:\/\/novelasdemanolo.com\/wp-json\/wp\/v2\/types\/page"}],"author":[{"embeddable":true,"href":"https:\/\/novelasdemanolo.com\/wp-json\/wp\/v2\/users\/1"}],"replies":[{"embeddable":true,"href":"https:\/\/novelasdemanolo.com\/wp-json\/wp\/v2\/comments?post=21"}],"version-history":[{"count":1,"href":"https:\/\/novelasdemanolo.com\/wp-json\/wp\/v2\/pages\/21\/revisions"}],"predecessor-version":[{"id":22,"href":"https:\/\/novelasdemanolo.com\/wp-json\/wp\/v2\/pages\/21\/revisions\/22"}],"wp:attachment":[{"href":"https:\/\/novelasdemanolo.com\/wp-json\/wp\/v2\/media?parent=21"}],"curies":[{"name":"wp","href":"https:\/\/api.w.org\/{rel}","templated":true}]}}